{"id":3,"date":"2020-05-02T10:03:14","date_gmt":"2020-05-02T08:03:14","guid":{"rendered":"https:\/\/abracadabratv.it\/?page_id=3"},"modified":"2020-07-16T16:10:01","modified_gmt":"2020-07-16T14:10:01","slug":"privacy-cookie-policy","status":"publish","type":"page","link":"https:\/\/abracadabratv.it\/en\/privacy-cookie-policy\/","title":{"rendered":"Privacy &#038; Cookie Policy"},"content":{"rendered":"<h1>Informativa sulla privacy per INFINITE ITALY<\/h1>\n<p>A Abracadabra Tv, accessibile da https:\/\/abracadabratv.it, una delle nostre priorit\u00e0 principali \u00e8 la privacy dei nostri visitatori. Il presente documento sulla privacy contiene i tipi di informazioni raccolte e registrate da Abracadabra Tv e il modo in cui le utilizziamo.<\/p>\n<p>Se hai ulteriori domande o richiedi ulteriori informazioni sulla nostra Informativa sulla privacy, non esitare a contattarci.<\/p>\n<p>La presente Informativa sulla privacy si applica solo alle nostre attivit\u00e0 online ed \u00e8 valida per i visitatori del nostro sito Web per quanto riguarda le informazioni che hanno condiviso e \/ o raccolto in Abracadabra Tv. Questa politica non \u00e8 applicabile alle informazioni raccolte offline o tramite canali diversi da questo sito Web.<\/p>\n<h2>Consenso<\/h2>\n<p>Utilizzando il nostro sito Web, acconsenti alla nostra Informativa sulla privacy e accetti i suoi termini.<\/p>\n<h2>Informazioni raccolte<\/h2>\n<p>Le informazioni personali che ti viene chiesto di fornire, e i motivi per cui ti viene chiesto di fornirle, ti saranno chiariti nel momento in cui ti chiediamo di fornire le tue informazioni personali.<\/p>\n<p>Se ci contatti direttamente, potremmo ricevere ulteriori informazioni su di te come il tuo nome, indirizzo e-mail, numero di telefono, il contenuto del messaggio e\/o gli allegati che potresti inviarci e qualsiasi altra informazione che potresti scegliere di fornire.<\/p>\n<p>Quando ti registri per un Account, potremmo chiedere le tue informazioni di contatto, inclusi elementi come nome, ragione sociale, indirizzo, indirizzo e-mail e numero di telefono.<\/p>\n<h2>Come utilizziamo le tue informazioni<\/h2>\n<p>Utilizziamo le informazioni che raccogliamo in vari modi, tra cui:<\/p>\n<ul>\n<li style=\"list-style-type: none;\">\n<ul>\n<li>Fornisci, gestisci e mantieni il nostro sito web<\/li>\n<li>Migliora, personalizza ed espandi il nostro sito web<\/li>\n<li>Comprendi e analizza come usi il nostro sito web<\/li>\n<li>Sviluppa nuovi prodotti, servizi, caratteristiche e funzionalit\u00e0<\/li>\n<li>Comunicare con te, direttamente o tramite uno dei nostri partner, anche per l&#8217;assistenza clienti, per fornirti aggiornamenti e altre informazioni relative al sito web e per scopi di marketing e promozionali<\/li>\n<li>Invia e-mail<\/li>\n<li>Trova e previene le frodi<\/li>\n<\/ul>\n<\/li>\n<\/ul>\n<h2>File di registro<\/h2>\n<p>Abracadabra Tv segue una procedura standard di utilizzo dei file di registro. Questi file registrano i visitatori quando visitano i siti Web. Tutte le societ\u00e0 di hosting fanno questo e parte dell&#8217;analisi dei servizi di hosting. Le informazioni raccolte dai file di registro includono indirizzi IP (Internet Protocol), tipo di browser, Internet Service Provider (ISP), data e ora, pagine di riferimento \/ uscita e possibilmente il numero di clic. Questi non sono collegati ad alcuna informazione che sia identificabile personalmente. Lo scopo delle informazioni \u00e8 di analizzare le tendenze, amministrare il sito, tenere traccia dei movimenti degli utenti sul sito Web e raccogliere informazioni demografiche. La nostra politica sulla privacy \u00e8 stata creata con l&#8217;aiuto di <a href=\"https:\/\/www.privacypolicygenerator.info\"> Generatore di norme sulla privacy <\/a> e <a href=\"https:\/\/www.disclaimergenerator.org\/ \"> Disclaimer Generator <\/a>.<\/p>\n<h2>Cookie e Web beacon<\/h2>\n<p>Come qualsiasi altro sito Web, Abracadabra Tv utilizza i &#8220;cookie&#8221;. Questi cookie vengono utilizzati per archiviare informazioni tra cui le preferenze dei visitatori e le pagine del sito Web a cui il visitatore ha avuto accesso o visitato. Le informazioni vengono utilizzate per ottimizzare l&#8217;esperienza degli utenti personalizzando i contenuti della nostra pagina Web in base al tipo di browser dei visitatori e \/ o altre informazioni.<\/p>\n<p>Per ulteriori informazioni generali sui cookie, leggere <a href=\"https:\/\/www.cookieconsent.com\/what-are-cookies\/\"> &#8220;Cosa sono i cookie&#8221; <\/a>.<\/p>\n<h2>Norme sulla privacy dei partner pubblicitari<\/h2>\n<p>Puoi consultare questo elenco per trovare l&#8217;informativa sulla privacy per ciascuno dei partner pubblicitari di Abracadabra Tv.<\/p>\n<p>Gli ad server o le reti pubblicitarie di terze parti utilizzano tecnologie come cookie, JavaScript o Web Beacon utilizzati nei rispettivi annunci pubblicitari e collegamenti visualizzati su Abracadabra Tv, che vengono inviati direttamente al browser degli utenti. In questo caso, ricevono automaticamente il tuo indirizzo IP. Queste tecnologie sono utilizzate per misurare l&#8217;efficacia delle loro campagne pubblicitarie e \/ o per personalizzare il contenuto pubblicitario che vedi sui siti web che visiti.<\/p>\n<p>Si noti che Abracadabra Tv non ha accesso o controllo su questi cookie utilizzati da inserzionisti di terze parti.<\/p>\n<h2>Politiche sulla privacy di terze parti<\/h2>\n<p>La politica sulla privacy di Abracadabra Tv non si applica ad altri inserzionisti o siti Web. Pertanto, ti consigliamo di consultare le rispettive Politiche sulla privacy di questi ad server di terze parti per informazioni pi\u00f9 dettagliate. Pu\u00f2 includere le loro pratiche e istruzioni su come rinunciare a determinate opzioni. &lt;\/ P&gt;<\/p>\n<p>Puoi scegliere di disabilitare i cookie attraverso le opzioni del tuo browser. Per conoscere informazioni pi\u00f9 dettagliate sulla gestione dei cookie con browser Web specifici, \u00e8 possibile trovarli nei rispettivi siti Web dei browser.<\/p>\n<h2>Diritti sulla privacy CCPA (non vendere le mie informazioni personali)<\/h2>\n<p>Ai sensi del CCPA, tra gli altri diritti, i consumatori della California hanno il diritto di:<\/p>\n<p>Richiedi che un&#8217;azienda che raccoglie i dati personali di un consumatore divulga le categorie e i pezzi specifici di dati personali che un&#8217;azienda ha raccolto sui consumatori.<\/p>\n<p>Richiedi a un&#8217;azienda di eliminare tutti i dati personali relativi al consumatore raccolti da un&#8217;azienda.<\/p>\n<p>Richiedi a un&#8217;azienda che vende i dati personali di un consumatore, non di vendere i dati personali del consumatore.<\/p>\n<p>Se fai una richiesta, abbiamo un mese per rispondere a te. Se desideri esercitare uno di questi diritti, ti preghiamo di contattarci.<\/p>\n<h2>Diritti di protezione dei dati GDPR<\/h2>\n<p>Desideriamo assicurarci che tu sia pienamente consapevole di tutti i tuoi diritti di protezione dei dati. Ogni utente ha diritto a quanto segue:<\/p>\n<p>Il diritto di accesso: hai il diritto di richiedere copie dei tuoi dati personali. Potremmo addebitare una piccola commissione per questo servizio.<\/p>\n<p>Il diritto di rettifica: hai il diritto di richiedere la correzione di qualsiasi informazione che ritieni inaccurata. Hai anche il diritto di richiedere il completamento delle informazioni che ritieni incomplete.<\/p>\n<p>Il diritto di cancellazione &#8211; Hai il diritto di richiedere che cancelliamo i tuoi dati personali, a determinate condizioni.<\/p>\n<p>Il diritto di limitare l&#8217;elaborazione &#8211; Hai il diritto di richiedere che limitiamo il trattamento dei tuoi dati personali, a determinate condizioni.<\/p>\n<p>Diritto di opporsi al trattamento: l&#8217;utente ha il diritto di opporsi al nostro trattamento dei dati personali dell&#8217;utente, a determinate condizioni.<\/p>\n<p>Il diritto alla portabilit\u00e0 dei dati &#8211; Hai il diritto di richiedere che trasferiamo i dati che abbiamo raccolto a un&#8217;altra organizzazione, o direttamente a te, a determinate condizioni.<\/p>\n<p>Se fai una richiesta, abbiamo un mese per rispondere a te. Se desideri esercitare uno di questi diritti, ti preghiamo di contattarci.<\/p>\n<h2>Informazioni per bambini<\/h2>\n<p>Un&#8217;altra parte della nostra priorit\u00e0 \u00e8 l&#8217;aggiunta di protezione per i bambini durante l&#8217;utilizzo di Internet. Incoraggiamo genitori e tutori a osservare, partecipare e \/ o monitorare e guidare la loro attivit\u00e0 online.<\/p>\n<p>Abracadabra Tv non raccoglie consapevolmente alcuna informazione personale identificabile da bambini di et\u00e0 inferiore ai 13 anni. Se ritieni che tuo figlio abbia fornito questo tipo di informazioni sul nostro sito Web, ti consigliamo vivamente di contattarci immediatamente e faremo del nostro meglio sforzi per rimuovere tempestivamente tali informazioni dai nostri archivi.<\/p>\n<h1>Informativa sui cookie per INFINITE ITALY<\/h1>\n<p>Questa \u00e8 la Cookie Policy per INFINITE ITALY, accessibile da https:\/\/abracadabratv.it<\/p>\n<p><strong> Cosa sono i cookie <\/strong><\/p>\n<p>Come \u00e8 prassi comune con quasi tutti i siti Web professionali, questo sito utilizza i cookie, che sono piccoli file che vengono scaricati sul tuo computer, per migliorare la tua esperienza. Questa pagina descrive quali informazioni raccolgono, come le usiamo e perch\u00e9 a volte abbiamo bisogno di conservare questi cookie. Condivideremo anche il modo in cui \u00e8 possibile impedire la memorizzazione di questi cookie, tuttavia ci\u00f2 pu\u00f2 ridurre o &#8220;rompere&#8221; alcuni elementi della funzionalit\u00e0 dei siti.<\/p>\n<p>Per ulteriori informazioni generali sui cookie, leggere <a href=\"https:\/\/www.cookieconsent.com\/what-are-cookies\/\"> &#8220;Cosa sono i cookie&#8221; <\/a>.<\/p>\n<p><strong> Come utilizziamo i cookie <\/strong><\/p>\n<p>Utilizziamo i cookie per una serie di motivi descritti di seguito. Sfortunatamente nella maggior parte dei casi non esistono opzioni standard del settore per disabilitare i cookie senza disabilitare completamente la funzionalit\u00e0 e le funzionalit\u00e0 che aggiungono a questo sito. Si consiglia di lasciare su tutti i cookie se non si \u00e8 sicuri di averne bisogno o meno nel caso in cui vengano utilizzati per fornire un servizio che si utilizza.<\/p>\n<p><strong> Disabilitazione dei cookie <\/strong><\/p>\n<p>Puoi impedire l&#8217;impostazione dei cookie modificando le impostazioni sul tuo browser (vedi la Guida del tuo browser per come fare). Tieni presente che la disabilitazione dei cookie influir\u00e0 sulla funzionalit\u00e0 di questo e di molti altri siti Web visitati. La disabilitazione dei cookie di solito comporta anche la disabilitazione di alcune funzionalit\u00e0 e caratteristiche di questo sito. Pertanto si consiglia di non disabilitare i cookie.<\/p>\n<p><strong> I cookie che impostiamo <\/strong><\/p>\n<ul>\n<li>Cookie relativi ai moduliQuando si inviano dati tramite un modulo come quelli presenti nelle pagine di contatto o nei moduli di commento, \u00e8 possibile impostare i cookie per ricordare i dettagli dell&#8217;utente per la corrispondenza futura.<strong> Cookie di terze parti <\/strong>\n<p>In alcuni casi speciali utilizziamo anche i cookie forniti da terze parti fidate. La sezione seguente descrive in dettaglio quali cookie di terze parti potresti incontrare attraverso questo sito.<\/p>\n<ul>\n<li>Questo sito utilizza Google Analytics che \u00e8 una delle soluzioni di analisi pi\u00f9 diffuse e affidabili sul web per aiutarci a capire come usi il sito e come possiamo migliorare la tua esperienza. Questi cookie possono tracciare cose come il tempo che passi sul sito e le pagine che visiti in modo che possiamo continuare a produrre contenuti accattivanti.Per ulteriori informazioni sui cookie di Google Analytics, consultare la pagina ufficiale di Google Analytics.<strong> Ulteriori informazioni <\/strong>\n<p>Si spera che ci\u00f2 abbia chiarito le cose per te e come \u00e8 stato menzionato in precedenza se c&#8217;\u00e8 qualcosa che non sei sicuro di aver bisogno o meno, di solito \u00e8 pi\u00f9 sicuro lasciare i cookie abilitati nel caso in cui interagisca con una delle funzionalit\u00e0 su cui usi il nostro sito. Questa politica sui cookie \u00e8 stata creata con l&#8217;aiuto di <a href=\"https:\/\/www.cookiepolicygenerator.com\/cookie-policy-generator\/\"> Generatore di modelli di politica sui cookie <\/a> e <a href=\"https:\/\/\/en\/ \/\/www.privacypolicytemplate.net\/\"> Generatore di modelli di criteri di privacy <\/a>.<\/p>\n<p>Tuttavia, se stai ancora cercando ulteriori informazioni, puoi contattarci tramite uno dei nostri metodi di contatto preferiti:<\/p>\n<ul>\n<li style=\"list-style-type: none;\">\n<ul>\n<li>Email: nicola.orso@gmail.com<\/li>\n<\/ul>\n<\/li>\n<\/ul>\n<p>&nbsp;<\/li>\n<\/ul>\n<\/li>\n<\/ul>","protected":false},"excerpt":{"rendered":"<p>Informativa sulla privacy per INFINITE ITALY A Abracadabra Tv, accessibile da https:\/\/abracadabratv.it, una delle nostre priorit\u00e0 principali \u00e8 la privacy dei nostri visitatori. Il presente documento sulla privacy contiene i tipi di informazioni raccolte e registrate da Abracadabra Tv e il modo in cui le utilizziamo. Se hai ulteriori domande o richiedi ulteriori informazioni sulla [&hellip;]<\/p>","protected":false},"author":1,"featured_media":0,"parent":0,"menu_order":0,"comment_status":"closed","ping_status":"open","template":"","meta":{"_et_pb_use_builder":"","_et_pb_old_content":"","_et_gb_content_width":"","inline_featured_image":false,"footnotes":""},"yoast_head":"<!-- This site is optimized with the Yoast SEO plugin v23.5 - https:\/\/yoast.com\/wordpress\/plugins\/seo\/ -->\n<title>Privacy &amp; Cookie Policy - Abracadabra Tv<\/title>\n<meta name=\"robots\" content=\"noindex, nofollow\" \/>\n<meta property=\"og:locale\" content=\"en_GB\" \/>\n<meta property=\"og:type\" content=\"article\" \/>\n<meta property=\"og:title\" content=\"Privacy &amp; Cookie Policy - Abracadabra Tv\" \/>\n<meta property=\"og:description\" content=\"Informativa sulla privacy per INFINITE ITALY A Abracadabra Tv, accessibile da https:\/\/abracadabratv.it, una delle nostre priorit\u00e0 principali \u00e8 la privacy dei nostri visitatori. Il presente documento sulla privacy contiene i tipi di informazioni raccolte e registrate da Abracadabra Tv e il modo in cui le utilizziamo. Se hai ulteriori domande o richiedi ulteriori informazioni sulla [&hellip;]\" \/>\n<meta property=\"og:url\" content=\"https:\/\/abracadabratv.it\/en\/privacy-cookie-policy\/\" \/>\n<meta property=\"og:site_name\" content=\"Abracadabra Tv\" \/>\n<meta property=\"article:modified_time\" content=\"2020-07-16T14:10:01+00:00\" \/>\n<meta name=\"twitter:card\" content=\"summary_large_image\" \/>\n<meta name=\"twitter:label1\" content=\"Estimated reading time\" \/>\n\t<meta name=\"twitter:data1\" content=\"8 minutes\" \/>\n<script type=\"application\/ld+json\" class=\"yoast-schema-graph\">{\"@context\":\"https:\/\/schema.org\",\"@graph\":[{\"@type\":\"WebPage\",\"@id\":\"https:\/\/abracadabratv.it\/privacy-cookie-policy\/\",\"url\":\"https:\/\/abracadabratv.it\/privacy-cookie-policy\/\",\"name\":\"Privacy & Cookie Policy - Abracadabra Tv\",\"isPartOf\":{\"@id\":\"https:\/\/abracadabratv.it\/#website\"},\"datePublished\":\"2020-05-02T08:03:14+00:00\",\"dateModified\":\"2020-07-16T14:10:01+00:00\",\"breadcrumb\":{\"@id\":\"https:\/\/abracadabratv.it\/privacy-cookie-policy\/#breadcrumb\"},\"inLanguage\":\"en-GB\",\"potentialAction\":[{\"@type\":\"ReadAction\",\"target\":[\"https:\/\/abracadabratv.it\/privacy-cookie-policy\/\"]}]},{\"@type\":\"BreadcrumbList\",\"@id\":\"https:\/\/abracadabratv.it\/privacy-cookie-policy\/#breadcrumb\",\"itemListElement\":[{\"@type\":\"ListItem\",\"position\":1,\"name\":\"Home\",\"item\":\"https:\/\/abracadabratv.it\/\"},{\"@type\":\"ListItem\",\"position\":2,\"name\":\"Privacy &#038; Cookie Policy\"}]},{\"@type\":\"WebSite\",\"@id\":\"https:\/\/abracadabratv.it\/#website\",\"url\":\"https:\/\/abracadabratv.it\/\",\"name\":\"Abracadabra Tv\",\"description\":\"La Tv che appare per magia\",\"publisher\":{\"@id\":\"https:\/\/abracadabratv.it\/#organization\"},\"potentialAction\":[{\"@type\":\"SearchAction\",\"target\":{\"@type\":\"EntryPoint\",\"urlTemplate\":\"https:\/\/abracadabratv.it\/?s={search_term_string}\"},\"query-input\":{\"@type\":\"PropertyValueSpecification\",\"valueRequired\":true,\"valueName\":\"search_term_string\"}}],\"inLanguage\":\"en-GB\"},{\"@type\":\"Organization\",\"@id\":\"https:\/\/abracadabratv.it\/#organization\",\"name\":\"Infinite Steel s.r.l\",\"url\":\"https:\/\/abracadabratv.it\/\",\"logo\":{\"@type\":\"ImageObject\",\"inLanguage\":\"en-GB\",\"@id\":\"https:\/\/abracadabratv.it\/#\/schema\/logo\/image\/\",\"url\":\"https:\/\/abracadabratv.it\/wp-content\/uploads\/2020\/07\/abracadabra-x-infinite1-1.png\",\"contentUrl\":\"https:\/\/abracadabratv.it\/wp-content\/uploads\/2020\/07\/abracadabra-x-infinite1-1.png\",\"width\":180,\"height\":34,\"caption\":\"Infinite Steel s.r.l\"},\"image\":{\"@id\":\"https:\/\/abracadabratv.it\/#\/schema\/logo\/image\/\"}}]}<\/script>\n<!-- \/ Yoast SEO plugin. -->","yoast_head_json":{"title":"Privacy & Cookie Policy - Abracadabra Tv","robots":{"index":"noindex","follow":"nofollow"},"og_locale":"en_GB","og_type":"article","og_title":"Privacy & Cookie Policy - Abracadabra Tv","og_description":"Informativa sulla privacy per INFINITE ITALY A Abracadabra Tv, accessibile da https:\/\/abracadabratv.it, una delle nostre priorit\u00e0 principali \u00e8 la privacy dei nostri visitatori. Il presente documento sulla privacy contiene i tipi di informazioni raccolte e registrate da Abracadabra Tv e il modo in cui le utilizziamo. Se hai ulteriori domande o richiedi ulteriori informazioni sulla [&hellip;]","og_url":"https:\/\/abracadabratv.it\/en\/privacy-cookie-policy\/","og_site_name":"Abracadabra Tv","article_modified_time":"2020-07-16T14:10:01+00:00","twitter_card":"summary_large_image","twitter_misc":{"Estimated reading time":"8 minutes"},"schema":{"@context":"https:\/\/schema.org","@graph":[{"@type":"WebPage","@id":"https:\/\/abracadabratv.it\/privacy-cookie-policy\/","url":"https:\/\/abracadabratv.it\/privacy-cookie-policy\/","name":"Privacy & Cookie Policy - Abracadabra Tv","isPartOf":{"@id":"https:\/\/abracadabratv.it\/#website"},"datePublished":"2020-05-02T08:03:14+00:00","dateModified":"2020-07-16T14:10:01+00:00","breadcrumb":{"@id":"https:\/\/abracadabratv.it\/privacy-cookie-policy\/#breadcrumb"},"inLanguage":"en-GB","potentialAction":[{"@type":"ReadAction","target":["https:\/\/abracadabratv.it\/privacy-cookie-policy\/"]}]},{"@type":"BreadcrumbList","@id":"https:\/\/abracadabratv.it\/privacy-cookie-policy\/#breadcrumb","itemListElement":[{"@type":"ListItem","position":1,"name":"Home","item":"https:\/\/abracadabratv.it\/"},{"@type":"ListItem","position":2,"name":"Privacy &#038; Cookie Policy"}]},{"@type":"WebSite","@id":"https:\/\/abracadabratv.it\/#website","url":"https:\/\/abracadabratv.it\/","name":"Abracadabra Tv","description":"La Tv che appare per magia","publisher":{"@id":"https:\/\/abracadabratv.it\/#organization"},"potentialAction":[{"@type":"SearchAction","target":{"@type":"EntryPoint","urlTemplate":"https:\/\/abracadabratv.it\/?s={search_term_string}"},"query-input":{"@type":"PropertyValueSpecification","valueRequired":true,"valueName":"search_term_string"}}],"inLanguage":"en-GB"},{"@type":"Organization","@id":"https:\/\/abracadabratv.it\/#organization","name":"Infinite Steel s.r.l","url":"https:\/\/abracadabratv.it\/","logo":{"@type":"ImageObject","inLanguage":"en-GB","@id":"https:\/\/abracadabratv.it\/#\/schema\/logo\/image\/","url":"https:\/\/abracadabratv.it\/wp-content\/uploads\/2020\/07\/abracadabra-x-infinite1-1.png","contentUrl":"https:\/\/abracadabratv.it\/wp-content\/uploads\/2020\/07\/abracadabra-x-infinite1-1.png","width":180,"height":34,"caption":"Infinite Steel s.r.l"},"image":{"@id":"https:\/\/abracadabratv.it\/#\/schema\/logo\/image\/"}}]}},"_links":{"self":[{"href":"https:\/\/abracadabratv.it\/en\/wp-json\/wp\/v2\/pages\/3"}],"collection":[{"href":"https:\/\/abracadabratv.it\/en\/wp-json\/wp\/v2\/pages"}],"about":[{"href":"https:\/\/abracadabratv.it\/en\/wp-json\/wp\/v2\/types\/page"}],"author":[{"embeddable":true,"href":"https:\/\/abracadabratv.it\/en\/wp-json\/wp\/v2\/users\/1"}],"replies":[{"embeddable":true,"href":"https:\/\/abracadabratv.it\/en\/wp-json\/wp\/v2\/comments?post=3"}],"version-history":[{"count":4,"href":"https:\/\/abracadabratv.it\/en\/wp-json\/wp\/v2\/pages\/3\/revisions"}],"predecessor-version":[{"id":207,"href":"https:\/\/abracadabratv.it\/en\/wp-json\/wp\/v2\/pages\/3\/revisions\/207"}],"wp:attachment":[{"href":"https:\/\/abracadabratv.it\/en\/wp-json\/wp\/v2\/media?parent=3"}],"curies":[{"name":"wp","href":"https:\/\/api.w.org\/{rel}","templated":true}]}}